{"id":36354,"date":"2025-06-25T13:50:53","date_gmt":"2025-06-25T11:50:53","guid":{"rendered":"https:\/\/www.recruitoutsource.com\/?page_id=36354"},"modified":"2026-04-07T09:48:30","modified_gmt":"2026-04-07T07:48:30","slug":"request-a-quote-mozambique-and-pan-africa","status":"publish","type":"page","link":"https:\/\/www.recruitoutsource.com\/pt\/request-a-quote-mozambique-and-pan-africa\/","title":{"rendered":"Solicite um or\u00e7amento Mo\u00e7ambique e PAN \u00c1frica"},"content":{"rendered":"<div data-elementor-type=\"wp-page\" data-elementor-id=\"36354\" class=\"elementor elementor-36354\">\n\t\t\t\t<div data-particle_enable=\"false\" data-particle-mobile-disabled=\"false\" class=\"elementor-element elementor-element-bcd1394 e-flex e-con-boxed e-con e-parent\" data-id=\"bcd1394\" data-element_type=\"container\" data-settings=\"{&quot;background_background&quot;:&quot;classic&quot;}\">\n\t\t\t\t\t<div class=\"e-con-inner\">\n\t\t\t\t<div class=\"elementor-element elementor-element-6e8d2f9 elementor-widget elementor-widget-heading\" data-id=\"6e8d2f9\" data-element_type=\"widget\" data-widget_type=\"heading.default\">\n\t\t\t\t<div class=\"elementor-widget-container\">\n\t\t\t\t\t<h1 class=\"elementor-heading-title elementor-size-default\">Obtenha sua proposta comercial personalizada<\/h1>\t\t\t\t<\/div>\n\t\t\t\t<\/div>\n\t\t\t\t\t<\/div>\n\t\t\t\t<\/div>\n\t\t<div data-particle_enable=\"false\" data-particle-mobile-disabled=\"false\" class=\"elementor-element elementor-element-9b49609 e-flex e-con-boxed e-con e-parent\" data-id=\"9b49609\" data-element_type=\"container\" data-settings=\"{&quot;background_background&quot;:&quot;classic&quot;}\">\n\t\t\t\t\t<div class=\"e-con-inner\">\n\t\t\t\t<div class=\"elementor-element elementor-element-3b73d1b elementor-widget elementor-widget-heading\" data-id=\"3b73d1b\" data-element_type=\"widget\" data-widget_type=\"heading.default\">\n\t\t\t\t<div class=\"elementor-widget-container\">\n\t\t\t\t\t<h3 class=\"elementor-heading-title elementor-size-default\">Envie o formul\u00e1rio para receber uma cota\u00e7\u00e3o e oferta personalizada<\/h3>\t\t\t\t<\/div>\n\t\t\t\t<\/div>\n\t\t\t\t<div class=\"elementor-element elementor-element-614e272 elementor-widget elementor-widget-shortcode\" data-id=\"614e272\" data-element_type=\"widget\" data-widget_type=\"shortcode.default\">\n\t\t\t\t<div class=\"elementor-widget-container\">\n\t\t\t\t\t\t\t<div class=\"elementor-shortcode\"><iframe  width=\"100%\" height=\"1550\" src=\"https:\/\/app.xodox.in\/avantara664\/erp\/flexform\/vf\/de4d1654eaed91d3f6701868e60f061e?with_logo=1\" \nframeborder=\"0\" sandbox=\"allow-top-navigation allow-forms allow-scripts allow-same-origin allow-popups\" allowfullscreen><\/iframe><\/div>\n\t\t\t\t\t\t<\/div>\n\t\t\t\t<\/div>\n\t\t\t\t\t<\/div>\n\t\t\t\t<\/div>\n\t\t\t\t<\/div>","protected":false},"excerpt":{"rendered":"<p>Obtenha sua proposta comercial personalizada Envie o formul\u00e1rio para receber uma cota\u00e7\u00e3o e oferta personalizadas<\/p>","protected":false},"author":1,"featured_media":0,"parent":0,"menu_order":0,"comment_status":"closed","ping_status":"closed","template":"","meta":{"footnotes":""},"class_list":["post-36354","page","type-page","status-publish","hentry"],"_links":{"self":[{"href":"https:\/\/www.recruitoutsource.com\/pt\/wp-json\/wp\/v2\/pages\/36354","targetHints":{"allow":["GET"]}}],"collection":[{"href":"https:\/\/www.recruitoutsource.com\/pt\/wp-json\/wp\/v2\/pages"}],"about":[{"href":"https:\/\/www.recruitoutsource.com\/pt\/wp-json\/wp\/v2\/types\/page"}],"author":[{"embeddable":true,"href":"https:\/\/www.recruitoutsource.com\/pt\/wp-json\/wp\/v2\/users\/1"}],"replies":[{"embeddable":true,"href":"https:\/\/www.recruitoutsource.com\/pt\/wp-json\/wp\/v2\/comments?post=36354"}],"version-history":[{"count":30,"href":"https:\/\/www.recruitoutsource.com\/pt\/wp-json\/wp\/v2\/pages\/36354\/revisions"}],"predecessor-version":[{"id":38457,"href":"https:\/\/www.recruitoutsource.com\/pt\/wp-json\/wp\/v2\/pages\/36354\/revisions\/38457"}],"wp:attachment":[{"href":"https:\/\/www.recruitoutsource.com\/pt\/wp-json\/wp\/v2\/media?parent=36354"}],"curies":[{"name":"wp","href":"https:\/\/api.w.org\/{rel}","templated":true}]}}